{"id":1410,"date":"2018-02-09T16:16:37","date_gmt":"2018-02-09T15:16:37","guid":{"rendered":"https:\/\/www.poderecarceroni.it\/?page_id=1410"},"modified":"2018-04-09T10:43:40","modified_gmt":"2018-04-09T08:43:40","slug":"der-gutshof","status":"publish","type":"page","link":"https:\/\/poderecarceroni.it\/de\/der-gutshof\/","title":{"rendered":"Der Gutshof"},"content":{"rendered":"<p>&nbsp;<\/p>\n<h2>Ein ganz besonderer Ort<\/h2>\n<p>Im Herzen der Maremma gelegen, mitten in der imposanten Natur und Kultur der Volkstraditionen und der kulinarischen Spezialit\u00e4ten einer mehr als charakteristischen Gegend \u2013 der Gutshof Podere Carceroni ist wahrhaftig ein ganz besonderer Ort.<\/p>\n<p>Der richtige Ort f\u00fcr ein romantisches Wochenende oder einen Abend in der Familie, genauso wie f\u00fcr ein Treffen mit Arbeitskollegen oder einen Nachmittag im Zeichen der Entspannung bei einem Glas k\u00f6stlichen Wein, begleitet von den K\u00e4sespezialit\u00e4ten, die von Valeria serviert werden.<\/p>\n<p>Urspr\u00fcnglich aus Rom, beschloss Valeria, Architektin, Mailand zu verlassen und mit ihrem Mann, mit dem sie die Begeisterung f\u00fcr guten Wein teilt, ein Landhotel zu er\u00f6ffnen, um ihrer Leidenschaft als K\u00f6chin und Sommelier nachzugehen.<\/p>\n<p>Dadurch entstand die Idee, den Gutshof Podere Carceroni neu aufleben zu lassen \u2013 ein Ort, an dem sich vor der Kulisse einer eindrucksvollen Natur die gute K\u00fcche und der ausgezeichnete Wein mit Kreativit\u00e4t vereinen.<\/p>\n<p>\u201eVom Podere Carceroni waren nicht viel mehr als ein paar Tr\u00fcmmer \u00fcbrig geblieben. Und dennoch faszinierte uns das Anwesen sehr \u2013 wir f\u00fchlten uns sofort wie zu Hause.<\/p>\n<p>Dies gab den Ausschlag, das Geb\u00e4ude zu restaurieren und mit allem Komfort auszustatten, dabei aber sein Wesen ohne br\u00fcske architektonische Gegens\u00e4tze zu erhalten.<\/p>\n<p>Das Podere Carceroni ist heute ein behaglicher, einladender Ort im Zeichen der Entspannung, an dem Sie sich sofort wohlf\u00fchlen werden. Hier finden Sie unverf\u00e4lschte Produkte der Maremma, k\u00f6nnen die Sch\u00f6nheit der Gegend beim Wandern, Reiten oder mit dem Mountainbike entdecken, oder sich am Pool im Genuss der Natursch\u00f6nheit in vollen Z\u00fcgen erholen.<\/p>\n<p>Das Podere Carceroni ist ein Ort, an dem wir vor allem als Familie leben m\u00f6chten, der jedoch stets f\u00fcr Freunde und G\u00e4ste offen steht, die sich bei einem guten Glas Wein entspannen, den Alltagsstress f\u00fcr ein paar Tage vergessen m\u00f6chten und einhalten wollen, um unter dem Sternenhimmel sinnlichen Gedanken zu fr\u00f6nen.\u201c<\/p>\n<h2>Das Restaurierungskonzept<\/h2>\n<p>Als wir beschlossen haben, unser Bed and Breakfast ins Leben zu rufen, haben wir uns auch entschieden, die urspr\u00fcngliche Struktur des Podere Carceroni beizubehalten.<\/p>\n<p>F\u00fcr ein ansprechendes und einladendes Ambiente ohne Beeintr\u00e4chtigung des vorherigen Baus haben wir uns der Erfahrung und dem Stil des Architekten Edoardo Milesi anvertraut, der unter anderem auch die Restaurierung des Castello di Colle Massari und des Castello di Vicarello leitete.<\/p>\n<p>Mit ihm haben wir jedes Detail sorgf\u00e4ltig festgelegt, wobei wir darauf achteten, die typischen Ausf\u00fchrungen und Materialien der hiesigen Tradition wie Stein, Holz und Terrakotta zu verwenden.<\/p>\n<p>Besonderes Augenmerk galt der Auswahl der handgemachten Terrakottafliesen, die in den lokalen \u00d6fen gebrannt werden, sowie den nat\u00fcrlichen Farben f\u00fcr die Wandanstriche.<\/p>\n<p>Wir haben uns am historischen und naturalistischen Erbe der wundersch\u00f6nen Maremma inspiriert und uns den Stil eines Gebiets zu eigen gemacht, in dem die Traditionen noch wichtig sind, und das Podere Carceroni mit vielen kleinen Details ausgeschm\u00fcckt, die ein Ambiente mit einzigartigem Stil erzeugt haben, der entdeckt werden will.<\/p>\n","protected":false},"excerpt":{"rendered":"<p>&nbsp; Ein ganz besonderer Ort Im Herzen der Maremma gelegen, mitten in der imposanten Natur und Kultur der Volkstraditionen und der kulinarischen Spezialit\u00e4ten einer mehr als charakteristischen Gegend \u2013 der Gutshof Podere Carceroni ist wahrhaftig ein ganz besonderer Ort. Der richtige Ort f\u00fcr ein romantisches Wochenende oder einen Abend in der Familie, genauso wie f\u00fcr [&hellip;]<\/p>\n","protected":false},"author":1,"featured_media":0,"parent":0,"menu_order":0,"comment_status":"closed","ping_status":"closed","template":"","meta":{"footnotes":""},"yoast_head":"<!-- This site is optimized with the Yoast SEO plugin v22.4 - https:\/\/yoast.com\/wordpress\/plugins\/seo\/ -->\n<title>Der Gutshof | Podere Carceroni<\/title>\n<meta name=\"robots\" content=\"index, follow, max-snippet:-1, max-image-preview:large, max-video-preview:-1\" \/>\n<link rel=\"canonical\" href=\"https:\/\/poderecarceroni.it\/il-podere\/\" \/>\n<meta property=\"og:locale\" content=\"de_DE\" \/>\n<meta property=\"og:type\" content=\"article\" \/>\n<meta property=\"og:title\" content=\"Der Gutshof | Podere Carceroni\" \/>\n<meta property=\"og:description\" content=\"&nbsp; Ein ganz besonderer Ort Im Herzen der Maremma gelegen, mitten in der imposanten Natur und Kultur der Volkstraditionen und der kulinarischen Spezialit\u00e4ten einer mehr als charakteristischen Gegend \u2013 der Gutshof Podere Carceroni ist wahrhaftig ein ganz besonderer Ort. Der richtige Ort f\u00fcr ein romantisches Wochenende oder einen Abend in der Familie, genauso wie f\u00fcr [&hellip;]\" \/>\n<meta property=\"og:url\" content=\"https:\/\/poderecarceroni.it\/il-podere\/\" \/>\n<meta property=\"og:site_name\" content=\"Podere Carceroni\" \/>\n<meta property=\"article:publisher\" content=\"https:\/\/www.facebook.com\/Podere-Carceroni-107539995999356\/\" \/>\n<meta property=\"article:modified_time\" content=\"2018-04-09T08:43:40+00:00\" \/>\n<meta name=\"twitter:card\" content=\"summary_large_image\" \/>\n<meta name=\"twitter:label1\" content=\"Gesch\u00e4tzte Lesezeit\" \/>\n\t<meta name=\"twitter:data1\" content=\"3\u00a0Minuten\" \/>\n<script type=\"application\/ld+json\" class=\"yoast-schema-graph\">{\"@context\":\"https:\/\/schema.org\",\"@graph\":[{\"@type\":\"WebPage\",\"@id\":\"https:\/\/poderecarceroni.it\/il-podere\/\",\"url\":\"https:\/\/poderecarceroni.it\/il-podere\/\",\"name\":\"Der Gutshof | Podere Carceroni\",\"isPartOf\":{\"@id\":\"https:\/\/poderecarceroni.it\/ru\/#website\"},\"datePublished\":\"2018-02-09T15:16:37+00:00\",\"dateModified\":\"2018-04-09T08:43:40+00:00\",\"breadcrumb\":{\"@id\":\"https:\/\/poderecarceroni.it\/il-podere\/#breadcrumb\"},\"inLanguage\":\"de-DE\",\"potentialAction\":[{\"@type\":\"ReadAction\",\"target\":[\"https:\/\/poderecarceroni.it\/il-podere\/\"]}]},{\"@type\":\"BreadcrumbList\",\"@id\":\"https:\/\/poderecarceroni.it\/il-podere\/#breadcrumb\",\"itemListElement\":[{\"@type\":\"ListItem\",\"position\":1,\"name\":\"Home\",\"item\":\"https:\/\/poderecarceroni.it\/\"},{\"@type\":\"ListItem\",\"position\":2,\"name\":\"Der Gutshof\"}]},{\"@type\":\"WebSite\",\"@id\":\"https:\/\/poderecarceroni.it\/ru\/#website\",\"url\":\"https:\/\/poderecarceroni.it\/ru\/\",\"name\":\"Podere Carceroni\",\"description\":\"\",\"publisher\":{\"@id\":\"https:\/\/poderecarceroni.it\/ru\/#organization\"},\"potentialAction\":[{\"@type\":\"SearchAction\",\"target\":{\"@type\":\"EntryPoint\",\"urlTemplate\":\"https:\/\/poderecarceroni.it\/ru\/?s={search_term_string}\"},\"query-input\":\"required name=search_term_string\"}],\"inLanguage\":\"de-DE\"},{\"@type\":\"Organization\",\"@id\":\"https:\/\/poderecarceroni.it\/ru\/#organization\",\"name\":\"Podere Carceroni\",\"url\":\"https:\/\/poderecarceroni.it\/ru\/\",\"logo\":{\"@type\":\"ImageObject\",\"inLanguage\":\"de-DE\",\"@id\":\"https:\/\/poderecarceroni.it\/ru\/#\/schema\/logo\/image\/\",\"url\":\"https:\/\/www.poderecarceroni.it\/wp-content\/uploads\/2018\/01\/logo-podere.png\",\"contentUrl\":\"https:\/\/www.poderecarceroni.it\/wp-content\/uploads\/2018\/01\/logo-podere.png\",\"width\":361,\"height\":75,\"caption\":\"Podere Carceroni\"},\"image\":{\"@id\":\"https:\/\/poderecarceroni.it\/ru\/#\/schema\/logo\/image\/\"},\"sameAs\":[\"https:\/\/www.facebook.com\/Podere-Carceroni-107539995999356\/\",\"https:\/\/www.instagram.com\/podere_carceroni\/\"]}]}<\/script>\n<!-- \/ Yoast SEO plugin. -->","yoast_head_json":{"title":"Der Gutshof | Podere Carceroni","robots":{"index":"index","follow":"follow","max-snippet":"max-snippet:-1","max-image-preview":"max-image-preview:large","max-video-preview":"max-video-preview:-1"},"canonical":"https:\/\/poderecarceroni.it\/il-podere\/","og_locale":"de_DE","og_type":"article","og_title":"Der Gutshof | Podere Carceroni","og_description":"&nbsp; Ein ganz besonderer Ort Im Herzen der Maremma gelegen, mitten in der imposanten Natur und Kultur der Volkstraditionen und der kulinarischen Spezialit\u00e4ten einer mehr als charakteristischen Gegend \u2013 der Gutshof Podere Carceroni ist wahrhaftig ein ganz besonderer Ort. Der richtige Ort f\u00fcr ein romantisches Wochenende oder einen Abend in der Familie, genauso wie f\u00fcr [&hellip;]","og_url":"https:\/\/poderecarceroni.it\/il-podere\/","og_site_name":"Podere Carceroni","article_publisher":"https:\/\/www.facebook.com\/Podere-Carceroni-107539995999356\/","article_modified_time":"2018-04-09T08:43:40+00:00","twitter_card":"summary_large_image","twitter_misc":{"Gesch\u00e4tzte Lesezeit":"3\u00a0Minuten"},"schema":{"@context":"https:\/\/schema.org","@graph":[{"@type":"WebPage","@id":"https:\/\/poderecarceroni.it\/il-podere\/","url":"https:\/\/poderecarceroni.it\/il-podere\/","name":"Der Gutshof | Podere Carceroni","isPartOf":{"@id":"https:\/\/poderecarceroni.it\/ru\/#website"},"datePublished":"2018-02-09T15:16:37+00:00","dateModified":"2018-04-09T08:43:40+00:00","breadcrumb":{"@id":"https:\/\/poderecarceroni.it\/il-podere\/#breadcrumb"},"inLanguage":"de-DE","potentialAction":[{"@type":"ReadAction","target":["https:\/\/poderecarceroni.it\/il-podere\/"]}]},{"@type":"BreadcrumbList","@id":"https:\/\/poderecarceroni.it\/il-podere\/#breadcrumb","itemListElement":[{"@type":"ListItem","position":1,"name":"Home","item":"https:\/\/poderecarceroni.it\/"},{"@type":"ListItem","position":2,"name":"Der Gutshof"}]},{"@type":"WebSite","@id":"https:\/\/poderecarceroni.it\/ru\/#website","url":"https:\/\/poderecarceroni.it\/ru\/","name":"Podere Carceroni","description":"","publisher":{"@id":"https:\/\/poderecarceroni.it\/ru\/#organization"},"potentialAction":[{"@type":"SearchAction","target":{"@type":"EntryPoint","urlTemplate":"https:\/\/poderecarceroni.it\/ru\/?s={search_term_string}"},"query-input":"required name=search_term_string"}],"inLanguage":"de-DE"},{"@type":"Organization","@id":"https:\/\/poderecarceroni.it\/ru\/#organization","name":"Podere Carceroni","url":"https:\/\/poderecarceroni.it\/ru\/","logo":{"@type":"ImageObject","inLanguage":"de-DE","@id":"https:\/\/poderecarceroni.it\/ru\/#\/schema\/logo\/image\/","url":"https:\/\/www.poderecarceroni.it\/wp-content\/uploads\/2018\/01\/logo-podere.png","contentUrl":"https:\/\/www.poderecarceroni.it\/wp-content\/uploads\/2018\/01\/logo-podere.png","width":361,"height":75,"caption":"Podere Carceroni"},"image":{"@id":"https:\/\/poderecarceroni.it\/ru\/#\/schema\/logo\/image\/"},"sameAs":["https:\/\/www.facebook.com\/Podere-Carceroni-107539995999356\/","https:\/\/www.instagram.com\/podere_carceroni\/"]}]}},"_links":{"self":[{"href":"https:\/\/poderecarceroni.it\/de\/wp-json\/wp\/v2\/pages\/1410"}],"collection":[{"href":"https:\/\/poderecarceroni.it\/de\/wp-json\/wp\/v2\/pages"}],"about":[{"href":"https:\/\/poderecarceroni.it\/de\/wp-json\/wp\/v2\/types\/page"}],"author":[{"embeddable":true,"href":"https:\/\/poderecarceroni.it\/de\/wp-json\/wp\/v2\/users\/1"}],"replies":[{"embeddable":true,"href":"https:\/\/poderecarceroni.it\/de\/wp-json\/wp\/v2\/comments?post=1410"}],"version-history":[{"count":3,"href":"https:\/\/poderecarceroni.it\/de\/wp-json\/wp\/v2\/pages\/1410\/revisions"}],"predecessor-version":[{"id":2125,"href":"https:\/\/poderecarceroni.it\/de\/wp-json\/wp\/v2\/pages\/1410\/revisions\/2125"}],"wp:attachment":[{"href":"https:\/\/poderecarceroni.it\/de\/wp-json\/wp\/v2\/media?parent=1410"}],"curies":[{"name":"wp","href":"https:\/\/api.w.org\/{rel}","templated":true}]}}