{"id":1395,"date":"2018-01-15T12:20:09","date_gmt":"2018-01-15T11:20:09","guid":{"rendered":"https:\/\/www.poderecarceroni.it\/?page_id=1395"},"modified":"2018-03-09T11:11:41","modified_gmt":"2018-03-09T10:11:41","slug":"wegbeschreibung","status":"publish","type":"page","link":"https:\/\/poderecarceroni.it\/de\/wegbeschreibung\/","title":{"rendered":"Wegbeschreibung"},"content":{"rendered":"<p>[vc_row css=&#8220;.vc_custom_1516105691096{padding-bottom: 30px !important;}&#8220;][vc_column][vc_column_text]Obwohl das Podere Carceroni mitten in der Naturlandschaft der Maremma eingebettet ist, kann es von der Ausfahrt Paganico der SS E78 Siena-Grosseto problemlos erreicht werden.[\/vc_column_text][\/vc_column][\/vc_row][vc_row full_width=&#8220;stretch_row_content_no_spaces&#8220; css=&#8220;.vc_custom_1516105701567{padding-top: 0px !important;padding-bottom: 0px !important;}&#8220;][vc_column][vc_gmaps link=&#8220;#E-8_JTNDaWZyYW1lJTIwc3JjJTNEJTIyaHR0cHMlM0ElMkYlMkZ3d3cuZ29vZ2xlLmNvbSUyRm1hcHMlMkZlbWJlZCUzRnBiJTNEJTIxMW0xOCUyMTFtMTIlMjExbTMlMjExZDI5MjIuNDU3OTEzNjY4NjU3JTIxMmQxMS4zMTA3MTE2MTU5MjQ1NTQlMjEzZDQyLjkwNTM4MjY3OTE1NDA2NiUyMTJtMyUyMTFmMCUyMTJmMCUyMTNmMCUyMTNtMiUyMTFpMTAyNCUyMTJpNzY4JTIxNGYxMy4xJTIxM20zJTIxMW0yJTIxMXMweDEzMjlhMDE1ZDBkYWEzZjMlMjUzQTB4OTJkMTQzYzE2MWRiYWNkYiUyMTJzUG9kZXJlJTJCQ2FyY2Vyb25pJTIxNWUwJTIxM20yJTIxMXNpdCUyMTJzaXQlMjE0djE1MTYxMDQ1MTEyNzklMjIlMjB3aWR0aCUzRCUyMjYwMCUyMiUyMGhlaWdodCUzRCUyMjQ1MCUyMiUyMGZyYW1lYm9yZGVyJTNEJTIyMCUyMiUyMHN0eWxlJTNEJTIyYm9yZGVyJTNBMCUyMiUyMGFsbG93ZnVsbHNjcmVlbiUzRSUzQyUyRmlmcmFtZSUzRQ==&#8220;][\/vc_column][\/vc_row][vc_row css=&#8220;.vc_custom_1516105715835{padding-top: 30px !important;padding-bottom: 30px !important;}&#8220;][vc_column][vc_column_text]<strong>VON ROMA NACH PAGANICO:<\/strong><br \/>\nAutobahn nach Civitavecchia, auf der Via Aurelia bis zur Ausfahrt Grosseto Centro fahren, danach auf der E78 in Richtung Siena bis zur Ausfahrt Paganico Nord.<\/p>\n<p><strong>VON FLORENZ NACH PAGANICO:<\/strong><br \/>\nAutostrada del Sole, Ausfahrt Firenze Impruneta (ehemals Firenze Certosa), in die Schnellstra\u00dfe nach Siena einbiegen, nach 55 km f\u00fcr 1,6 km auf der Umgehungsstra\u00dfe Siena Ovest bleiben. In Siena die SS223 nach Grosseto w\u00e4hlen und an der Ausfahrt Paganico Nord verlassen.<\/p>\n<p><strong>VON LIVORNO NACH PAGANICO:<\/strong><br \/>\nAutobahn A17 bis Rosignano, auf der Via Aurelia bis zur Ausfahrt Grosseto Centro fahren, danach auf der E78 in Richtung Siena bis zur Ausfahrt Paganico Nord.<\/p>\n<p><strong>AN DER AUSFAHRT PAGANICO:<\/strong><br \/>\nIn Richtung Montalcino \u2013 Castel del Piano \u2013 Monte Amiata (SP64) fahren. Nach ca. 3 km rechts in Richtung Sasso d\u2019Ombrone (SP7) einbiegen.<br \/>\nNach Sasso d\u2019Ombrone rechts nach Poggi del Sasso (SP114) einbiegen.<br \/>\nIn Poggi del Sasso nach rechts auf die Via Vicarello abbiegen und f\u00fcr ca. 800 m in Richtung Carceroni fahren.[\/vc_column_text][\/vc_column][\/vc_row][vc_row css=&#8220;.vc_custom_1516106772664{padding-top: 0px !important;}&#8220;][vc_column][vc_row_inner][vc_column_inner width=&#8220;1\/3&#8243;]<!-- ========================== TEASER BOX ==========================-->\n\n<div class=\"teaser_box wpb_content_element vertical text-center     \">\n\n\n  <div class=\"figure with_icon textify_links  \">\n\n\n        \n\n        \n\n        <i class=\"fa fa-car\"><\/i>\n\n\n\n\n  <\/div>\n\n  <div class=\"content \">\n    \n    <div class=\"hgroup textify_links\"><h4>PARKING<\/h4><p>PODERE CARCERONI HAT EINEN PRIVATEN PARKPLATZ F\u00dcR KUNDEN<\/p><\/div>\n\n    \n\n  <\/div>\n\n<\/div>\n\n<!-- END======================= TEASER BOX ==========================-->[\/vc_column_inner][vc_column_inner width=&#8220;1\/3&#8243;]<!-- ========================== TEASER BOX ==========================-->\n\n<div class=\"teaser_box wpb_content_element vertical text-center     \">\n\n\n  <div class=\"figure with_icon textify_links  \">\n\n\n        \n\n        \n\n        <i class=\"fa fa-phone\"><\/i>\n\n\n\n\n  <\/div>\n\n  <div class=\"content \">\n    \n    <div class=\"hgroup textify_links\"><h4>TELEFON<\/h4><p>Gern beantworten wir Ihre Fragen<\/p><\/div>\n\n     <div class=\"desc\"><p>Tel. <a href=\"tel:0564990616\">0564 99 06 16<\/a><br \/>\nCell. <a href=\"tel:3477767111\">347 77 67 111<\/a><\/p><\/div> \n\n  <\/div>\n\n<\/div>\n\n<!-- END======================= TEASER BOX ==========================-->[\/vc_column_inner][vc_column_inner width=&#8220;1\/3&#8243;]<!-- ========================== TEASER BOX ==========================-->\n\n<div class=\"teaser_box wpb_content_element vertical text-center     \">\n\n\n  <div class=\"figure with_icon textify_links  \">\n\n\n        \n\n        \n\n        <i class=\"fa fa-envelope-o\"><\/i>\n\n\n\n\n  <\/div>\n\n  <div class=\"content \">\n    \n    <div class=\"hgroup textify_links\"><h4>E-mail<\/h4><p>Wenn Sie reisen, senden Sie uns eine E-Mail<\/p><\/div>\n\n     <div class=\"desc\"><p><a href=\"mailto:info@poderecarceroni.it\">info@poderecarceroni.it<\/a><\/p><\/div> \n\n  <\/div>\n\n<\/div>\n\n<!-- END======================= TEASER BOX ==========================-->[\/vc_column_inner][\/vc_row_inner][\/vc_column][\/vc_row]<\/p>\n","protected":false},"excerpt":{"rendered":"<p>[vc_row css=&#8220;.vc_custom_1516105691096{padding-bottom: 30px !important;}&#8220;][vc_column][vc_column_text]Obwohl das Podere Carceroni mitten in der Naturlandschaft der Maremma eingebettet ist, kann es von der Ausfahrt Paganico der SS E78 Siena-Grosseto problemlos erreicht werden.[\/vc_column_text][\/vc_column][\/vc_row][vc_row full_width=&#8220;stretch_row_content_no_spaces&#8220; css=&#8220;.vc_custom_1516105701567{padding-top: 0px !important;padding-bottom: 0px !important;}&#8220;][vc_column][vc_gmaps link=&#8220;#E-8_JTNDaWZyYW1lJTIwc3JjJTNEJTIyaHR0cHMlM0ElMkYlMkZ3d3cuZ29vZ2xlLmNvbSUyRm1hcHMlMkZlbWJlZCUzRnBiJTNEJTIxMW0xOCUyMTFtMTIlMjExbTMlMjExZDI5MjIuNDU3OTEzNjY4NjU3JTIxMmQxMS4zMTA3MTE2MTU5MjQ1NTQlMjEzZDQyLjkwNTM4MjY3OTE1NDA2NiUyMTJtMyUyMTFmMCUyMTJmMCUyMTNmMCUyMTNtMiUyMTFpMTAyNCUyMTJpNzY4JTIxNGYxMy4xJTIxM20zJTIxMW0yJTIxMXMweDEzMjlhMDE1ZDBkYWEzZjMlMjUzQTB4OTJkMTQzYzE2MWRiYWNkYiUyMTJzUG9kZXJlJTJCQ2FyY2Vyb25pJTIxNWUwJTIxM20yJTIxMXNpdCUyMTJzaXQlMjE0djE1MTYxMDQ1MTEyNzklMjIlMjB3aWR0aCUzRCUyMjYwMCUyMiUyMGhlaWdodCUzRCUyMjQ1MCUyMiUyMGZyYW1lYm9yZGVyJTNEJTIyMCUyMiUyMHN0eWxlJTNEJTIyYm9yZGVyJTNBMCUyMiUyMGFsbG93ZnVsbHNjcmVlbiUzRSUzQyUyRmlmcmFtZSUzRQ==&#8220;][\/vc_column][\/vc_row][vc_row css=&#8220;.vc_custom_1516105715835{padding-top: 30px !important;padding-bottom: 30px !important;}&#8220;][vc_column][vc_column_text]VON ROMA NACH PAGANICO: Autobahn nach Civitavecchia, auf der Via Aurelia bis zur Ausfahrt Grosseto Centro [&hellip;]<\/p>\n","protected":false},"author":1,"featured_media":1428,"parent":0,"menu_order":0,"comment_status":"closed","ping_status":"closed","template":"","meta":{"footnotes":""},"yoast_head":"<!-- This site is optimized with the Yoast SEO plugin v22.4 - https:\/\/yoast.com\/wordpress\/plugins\/seo\/ -->\n<title>Wegbeschreibung | Podere Carceroni<\/title>\n<meta name=\"robots\" content=\"index, follow, max-snippet:-1, max-image-preview:large, max-video-preview:-1\" \/>\n<link rel=\"canonical\" href=\"https:\/\/poderecarceroni.it\/come-raggiungerci\/\" \/>\n<meta property=\"og:locale\" content=\"de_DE\" \/>\n<meta property=\"og:type\" content=\"article\" \/>\n<meta property=\"og:title\" content=\"Wegbeschreibung | Podere Carceroni\" \/>\n<meta property=\"og:description\" content=\"[vc_row css=&#8220;.vc_custom_1516105691096{padding-bottom: 30px !important;}&#8220;][vc_column][vc_column_text]Obwohl das Podere Carceroni mitten in der Naturlandschaft der Maremma eingebettet ist, kann es von der Ausfahrt Paganico der SS E78 Siena-Grosseto problemlos erreicht werden.[\/vc_column_text][\/vc_column][\/vc_row][vc_row full_width=&#8220;stretch_row_content_no_spaces&#8220; css=&#8220;.vc_custom_1516105701567{padding-top: 0px !important;padding-bottom: 0px !important;}&#8220;][vc_column][vc_gmaps link=&#8220;#E-8_JTNDaWZyYW1lJTIwc3JjJTNEJTIyaHR0cHMlM0ElMkYlMkZ3d3cuZ29vZ2xlLmNvbSUyRm1hcHMlMkZlbWJlZCUzRnBiJTNEJTIxMW0xOCUyMTFtMTIlMjExbTMlMjExZDI5MjIuNDU3OTEzNjY4NjU3JTIxMmQxMS4zMTA3MTE2MTU5MjQ1NTQlMjEzZDQyLjkwNTM4MjY3OTE1NDA2NiUyMTJtMyUyMTFmMCUyMTJmMCUyMTNmMCUyMTNtMiUyMTFpMTAyNCUyMTJpNzY4JTIxNGYxMy4xJTIxM20zJTIxMW0yJTIxMXMweDEzMjlhMDE1ZDBkYWEzZjMlMjUzQTB4OTJkMTQzYzE2MWRiYWNkYiUyMTJzUG9kZXJlJTJCQ2FyY2Vyb25pJTIxNWUwJTIxM20yJTIxMXNpdCUyMTJzaXQlMjE0djE1MTYxMDQ1MTEyNzklMjIlMjB3aWR0aCUzRCUyMjYwMCUyMiUyMGhlaWdodCUzRCUyMjQ1MCUyMiUyMGZyYW1lYm9yZGVyJTNEJTIyMCUyMiUyMHN0eWxlJTNEJTIyYm9yZGVyJTNBMCUyMiUyMGFsbG93ZnVsbHNjcmVlbiUzRSUzQyUyRmlmcmFtZSUzRQ==&#8220;][\/vc_column][\/vc_row][vc_row css=&#8220;.vc_custom_1516105715835{padding-top: 30px !important;padding-bottom: 30px !important;}&#8220;][vc_column][vc_column_text]VON ROMA NACH PAGANICO: Autobahn nach Civitavecchia, auf der Via Aurelia bis zur Ausfahrt Grosseto Centro [&hellip;]\" \/>\n<meta property=\"og:url\" content=\"https:\/\/poderecarceroni.it\/come-raggiungerci\/\" \/>\n<meta property=\"og:site_name\" content=\"Podere Carceroni\" \/>\n<meta property=\"article:publisher\" content=\"https:\/\/www.facebook.com\/Podere-Carceroni-107539995999356\/\" \/>\n<meta property=\"article:modified_time\" content=\"2018-03-09T10:11:41+00:00\" \/>\n<meta property=\"og:image\" content=\"https:\/\/poderecarceroni.it\/wp-content\/uploads\/2018\/01\/podere-carceroni-top-view-casale.jpg\" \/>\n\t<meta property=\"og:image:width\" content=\"1920\" \/>\n\t<meta property=\"og:image:height\" content=\"1080\" \/>\n\t<meta property=\"og:image:type\" content=\"image\/jpeg\" \/>\n<meta name=\"twitter:card\" content=\"summary_large_image\" \/>\n<meta name=\"twitter:label1\" content=\"Gesch\u00e4tzte Lesezeit\" \/>\n\t<meta name=\"twitter:data1\" content=\"2\u00a0Minuten\" \/>\n<script type=\"application\/ld+json\" class=\"yoast-schema-graph\">{\"@context\":\"https:\/\/schema.org\",\"@graph\":[{\"@type\":\"WebPage\",\"@id\":\"https:\/\/poderecarceroni.it\/come-raggiungerci\/\",\"url\":\"https:\/\/poderecarceroni.it\/come-raggiungerci\/\",\"name\":\"Wegbeschreibung | Podere Carceroni\",\"isPartOf\":{\"@id\":\"https:\/\/poderecarceroni.it\/ru\/#website\"},\"primaryImageOfPage\":{\"@id\":\"https:\/\/poderecarceroni.it\/come-raggiungerci\/#primaryimage\"},\"image\":{\"@id\":\"https:\/\/poderecarceroni.it\/come-raggiungerci\/#primaryimage\"},\"thumbnailUrl\":\"https:\/\/poderecarceroni.it\/wp-content\/uploads\/2018\/01\/podere-carceroni-top-view-casale.jpg\",\"datePublished\":\"2018-01-15T11:20:09+00:00\",\"dateModified\":\"2018-03-09T10:11:41+00:00\",\"breadcrumb\":{\"@id\":\"https:\/\/poderecarceroni.it\/come-raggiungerci\/#breadcrumb\"},\"inLanguage\":\"de-DE\",\"potentialAction\":[{\"@type\":\"ReadAction\",\"target\":[\"https:\/\/poderecarceroni.it\/come-raggiungerci\/\"]}]},{\"@type\":\"ImageObject\",\"inLanguage\":\"de-DE\",\"@id\":\"https:\/\/poderecarceroni.it\/come-raggiungerci\/#primaryimage\",\"url\":\"https:\/\/poderecarceroni.it\/wp-content\/uploads\/2018\/01\/podere-carceroni-top-view-casale.jpg\",\"contentUrl\":\"https:\/\/poderecarceroni.it\/wp-content\/uploads\/2018\/01\/podere-carceroni-top-view-casale.jpg\",\"width\":1920,\"height\":1080},{\"@type\":\"BreadcrumbList\",\"@id\":\"https:\/\/poderecarceroni.it\/come-raggiungerci\/#breadcrumb\",\"itemListElement\":[{\"@type\":\"ListItem\",\"position\":1,\"name\":\"Home\",\"item\":\"https:\/\/poderecarceroni.it\/\"},{\"@type\":\"ListItem\",\"position\":2,\"name\":\"Wegbeschreibung\"}]},{\"@type\":\"WebSite\",\"@id\":\"https:\/\/poderecarceroni.it\/ru\/#website\",\"url\":\"https:\/\/poderecarceroni.it\/ru\/\",\"name\":\"Podere Carceroni\",\"description\":\"\",\"publisher\":{\"@id\":\"https:\/\/poderecarceroni.it\/ru\/#organization\"},\"potentialAction\":[{\"@type\":\"SearchAction\",\"target\":{\"@type\":\"EntryPoint\",\"urlTemplate\":\"https:\/\/poderecarceroni.it\/ru\/?s={search_term_string}\"},\"query-input\":\"required name=search_term_string\"}],\"inLanguage\":\"de-DE\"},{\"@type\":\"Organization\",\"@id\":\"https:\/\/poderecarceroni.it\/ru\/#organization\",\"name\":\"Podere Carceroni\",\"url\":\"https:\/\/poderecarceroni.it\/ru\/\",\"logo\":{\"@type\":\"ImageObject\",\"inLanguage\":\"de-DE\",\"@id\":\"https:\/\/poderecarceroni.it\/ru\/#\/schema\/logo\/image\/\",\"url\":\"https:\/\/www.poderecarceroni.it\/wp-content\/uploads\/2018\/01\/logo-podere.png\",\"contentUrl\":\"https:\/\/www.poderecarceroni.it\/wp-content\/uploads\/2018\/01\/logo-podere.png\",\"width\":361,\"height\":75,\"caption\":\"Podere Carceroni\"},\"image\":{\"@id\":\"https:\/\/poderecarceroni.it\/ru\/#\/schema\/logo\/image\/\"},\"sameAs\":[\"https:\/\/www.facebook.com\/Podere-Carceroni-107539995999356\/\",\"https:\/\/www.instagram.com\/podere_carceroni\/\"]}]}<\/script>\n<!-- \/ Yoast SEO plugin. -->","yoast_head_json":{"title":"Wegbeschreibung | Podere Carceroni","robots":{"index":"index","follow":"follow","max-snippet":"max-snippet:-1","max-image-preview":"max-image-preview:large","max-video-preview":"max-video-preview:-1"},"canonical":"https:\/\/poderecarceroni.it\/come-raggiungerci\/","og_locale":"de_DE","og_type":"article","og_title":"Wegbeschreibung | Podere Carceroni","og_description":"[vc_row css=&#8220;.vc_custom_1516105691096{padding-bottom: 30px !important;}&#8220;][vc_column][vc_column_text]Obwohl das Podere Carceroni mitten in der Naturlandschaft der Maremma eingebettet ist, kann es von der Ausfahrt Paganico der SS E78 Siena-Grosseto problemlos erreicht werden.[\/vc_column_text][\/vc_column][\/vc_row][vc_row full_width=&#8220;stretch_row_content_no_spaces&#8220; css=&#8220;.vc_custom_1516105701567{padding-top: 0px !important;padding-bottom: 0px !important;}&#8220;][vc_column][vc_gmaps link=&#8220;#E-8_JTNDaWZyYW1lJTIwc3JjJTNEJTIyaHR0cHMlM0ElMkYlMkZ3d3cuZ29vZ2xlLmNvbSUyRm1hcHMlMkZlbWJlZCUzRnBiJTNEJTIxMW0xOCUyMTFtMTIlMjExbTMlMjExZDI5MjIuNDU3OTEzNjY4NjU3JTIxMmQxMS4zMTA3MTE2MTU5MjQ1NTQlMjEzZDQyLjkwNTM4MjY3OTE1NDA2NiUyMTJtMyUyMTFmMCUyMTJmMCUyMTNmMCUyMTNtMiUyMTFpMTAyNCUyMTJpNzY4JTIxNGYxMy4xJTIxM20zJTIxMW0yJTIxMXMweDEzMjlhMDE1ZDBkYWEzZjMlMjUzQTB4OTJkMTQzYzE2MWRiYWNkYiUyMTJzUG9kZXJlJTJCQ2FyY2Vyb25pJTIxNWUwJTIxM20yJTIxMXNpdCUyMTJzaXQlMjE0djE1MTYxMDQ1MTEyNzklMjIlMjB3aWR0aCUzRCUyMjYwMCUyMiUyMGhlaWdodCUzRCUyMjQ1MCUyMiUyMGZyYW1lYm9yZGVyJTNEJTIyMCUyMiUyMHN0eWxlJTNEJTIyYm9yZGVyJTNBMCUyMiUyMGFsbG93ZnVsbHNjcmVlbiUzRSUzQyUyRmlmcmFtZSUzRQ==&#8220;][\/vc_column][\/vc_row][vc_row css=&#8220;.vc_custom_1516105715835{padding-top: 30px !important;padding-bottom: 30px !important;}&#8220;][vc_column][vc_column_text]VON ROMA NACH PAGANICO: Autobahn nach Civitavecchia, auf der Via Aurelia bis zur Ausfahrt Grosseto Centro [&hellip;]","og_url":"https:\/\/poderecarceroni.it\/come-raggiungerci\/","og_site_name":"Podere Carceroni","article_publisher":"https:\/\/www.facebook.com\/Podere-Carceroni-107539995999356\/","article_modified_time":"2018-03-09T10:11:41+00:00","og_image":[{"width":1920,"height":1080,"url":"https:\/\/poderecarceroni.it\/wp-content\/uploads\/2018\/01\/podere-carceroni-top-view-casale.jpg","type":"image\/jpeg"}],"twitter_card":"summary_large_image","twitter_misc":{"Gesch\u00e4tzte Lesezeit":"2\u00a0Minuten"},"schema":{"@context":"https:\/\/schema.org","@graph":[{"@type":"WebPage","@id":"https:\/\/poderecarceroni.it\/come-raggiungerci\/","url":"https:\/\/poderecarceroni.it\/come-raggiungerci\/","name":"Wegbeschreibung | Podere Carceroni","isPartOf":{"@id":"https:\/\/poderecarceroni.it\/ru\/#website"},"primaryImageOfPage":{"@id":"https:\/\/poderecarceroni.it\/come-raggiungerci\/#primaryimage"},"image":{"@id":"https:\/\/poderecarceroni.it\/come-raggiungerci\/#primaryimage"},"thumbnailUrl":"https:\/\/poderecarceroni.it\/wp-content\/uploads\/2018\/01\/podere-carceroni-top-view-casale.jpg","datePublished":"2018-01-15T11:20:09+00:00","dateModified":"2018-03-09T10:11:41+00:00","breadcrumb":{"@id":"https:\/\/poderecarceroni.it\/come-raggiungerci\/#breadcrumb"},"inLanguage":"de-DE","potentialAction":[{"@type":"ReadAction","target":["https:\/\/poderecarceroni.it\/come-raggiungerci\/"]}]},{"@type":"ImageObject","inLanguage":"de-DE","@id":"https:\/\/poderecarceroni.it\/come-raggiungerci\/#primaryimage","url":"https:\/\/poderecarceroni.it\/wp-content\/uploads\/2018\/01\/podere-carceroni-top-view-casale.jpg","contentUrl":"https:\/\/poderecarceroni.it\/wp-content\/uploads\/2018\/01\/podere-carceroni-top-view-casale.jpg","width":1920,"height":1080},{"@type":"BreadcrumbList","@id":"https:\/\/poderecarceroni.it\/come-raggiungerci\/#breadcrumb","itemListElement":[{"@type":"ListItem","position":1,"name":"Home","item":"https:\/\/poderecarceroni.it\/"},{"@type":"ListItem","position":2,"name":"Wegbeschreibung"}]},{"@type":"WebSite","@id":"https:\/\/poderecarceroni.it\/ru\/#website","url":"https:\/\/poderecarceroni.it\/ru\/","name":"Podere Carceroni","description":"","publisher":{"@id":"https:\/\/poderecarceroni.it\/ru\/#organization"},"potentialAction":[{"@type":"SearchAction","target":{"@type":"EntryPoint","urlTemplate":"https:\/\/poderecarceroni.it\/ru\/?s={search_term_string}"},"query-input":"required name=search_term_string"}],"inLanguage":"de-DE"},{"@type":"Organization","@id":"https:\/\/poderecarceroni.it\/ru\/#organization","name":"Podere Carceroni","url":"https:\/\/poderecarceroni.it\/ru\/","logo":{"@type":"ImageObject","inLanguage":"de-DE","@id":"https:\/\/poderecarceroni.it\/ru\/#\/schema\/logo\/image\/","url":"https:\/\/www.poderecarceroni.it\/wp-content\/uploads\/2018\/01\/logo-podere.png","contentUrl":"https:\/\/www.poderecarceroni.it\/wp-content\/uploads\/2018\/01\/logo-podere.png","width":361,"height":75,"caption":"Podere Carceroni"},"image":{"@id":"https:\/\/poderecarceroni.it\/ru\/#\/schema\/logo\/image\/"},"sameAs":["https:\/\/www.facebook.com\/Podere-Carceroni-107539995999356\/","https:\/\/www.instagram.com\/podere_carceroni\/"]}]}},"_links":{"self":[{"href":"https:\/\/poderecarceroni.it\/de\/wp-json\/wp\/v2\/pages\/1395"}],"collection":[{"href":"https:\/\/poderecarceroni.it\/de\/wp-json\/wp\/v2\/pages"}],"about":[{"href":"https:\/\/poderecarceroni.it\/de\/wp-json\/wp\/v2\/types\/page"}],"author":[{"embeddable":true,"href":"https:\/\/poderecarceroni.it\/de\/wp-json\/wp\/v2\/users\/1"}],"replies":[{"embeddable":true,"href":"https:\/\/poderecarceroni.it\/de\/wp-json\/wp\/v2\/comments?post=1395"}],"version-history":[{"count":4,"href":"https:\/\/poderecarceroni.it\/de\/wp-json\/wp\/v2\/pages\/1395\/revisions"}],"predecessor-version":[{"id":2147,"href":"https:\/\/poderecarceroni.it\/de\/wp-json\/wp\/v2\/pages\/1395\/revisions\/2147"}],"wp:featuredmedia":[{"embeddable":true,"href":"https:\/\/poderecarceroni.it\/de\/wp-json\/wp\/v2\/media\/1428"}],"wp:attachment":[{"href":"https:\/\/poderecarceroni.it\/de\/wp-json\/wp\/v2\/media?parent=1395"}],"curies":[{"name":"wp","href":"https:\/\/api.w.org\/{rel}","templated":true}]}}