{"id":1391,"date":"2018-02-09T16:09:22","date_gmt":"2018-02-09T15:09:22","guid":{"rendered":"https:\/\/www.poderecarceroni.it\/?page_id=1391"},"modified":"2018-04-09T10:41:29","modified_gmt":"2018-04-09T08:41:29","slug":"rooms","status":"publish","type":"page","link":"https:\/\/poderecarceroni.it\/de\/rooms\/","title":{"rendered":"Rooms"},"content":{"rendered":"<p>[vc_row][vc_column]<div class=\"ple_anypostloop_shortcode wpb_content_element  \"><div id=\"list_58469f451ced4\" class=\"rooms_list_classic_horizontal_wrapper \"> \t\n        <div class=\"rooms_list_item     white_section\" >\n        <div class=\"flex\">\n                <div class=\"col-sm-6 col-sm-push-6 rooms_list_item_photo\" style=\"background-image: url('https:\/\/poderecarceroni.it\/wp-content\/uploads\/2018\/01\/Gauguin_DSC_3813-1-1024x683.jpg')\"><\/div>\n                <div class=\"col-sm-6 col-sm-pull-6\">\n                <div class=\"rooms_list_item_content\">\n                        <h3 class=\"textify_links\"><a href=\"https:\/\/poderecarceroni.it\/de\/room\/gauguin\/\" title=\"Gauguin\" target=\"_parent\" class=\"\">Gauguin<\/a><\/h3>\n                        \n                        <div class=\"room_listed_amenities\">\n                               \n                                <i data-toggle=\"tooltip\" data-placement=\"top\" class=\"amenities fa fa-tv\" data-original-title=\"\"><\/i>                             \n                               \n                                <i data-toggle=\"tooltip\" data-placement=\"top\" class=\"amenities hi hi-safebox-1\" data-original-title=\"\"><\/i>                             \n                               \n                                <i data-toggle=\"tooltip\" data-placement=\"top\" class=\"amenities hi hi-cocktail-glass\" data-original-title=\"\"><\/i>                             \n                        <\/div>                       \n                        <p class=\"excerpt\">\"Die Kunst ist eine Abstraktion, entlocken Sie der Natur etwas, indem Sie von ihr tr\u00e4umen und denken Sie mehr an die Sch\u00f6pfung als an das Ergebnis.\u201c Paul Gauguin<\/p>                        \n                        <a href=\"https:\/\/poderecarceroni.it\/de\/room\/gauguin\/\" title=\"Gauguin\" target=\"_parent\" class=\"btn btn-link \">Read More<\/a>\n                <\/div>\n                <\/div>\n        <\/div>        \n        <\/div>\n        <div class=\"rooms_list_item     white_section\" >\n        <div class=\"flex\">\n                <div class=\"col-sm-6 col-sm-push-6 rooms_list_item_photo\" style=\"background-image: url('https:\/\/poderecarceroni.it\/wp-content\/uploads\/2018\/01\/VanGogh_DSC_3907-1024x683.jpg')\"><\/div>\n                <div class=\"col-sm-6 col-sm-pull-6\">\n                <div class=\"rooms_list_item_content\">\n                        <h3 class=\"textify_links\"><a href=\"https:\/\/poderecarceroni.it\/de\/room\/van-gogh\/\" title=\"Van Gogh\" target=\"_parent\" class=\"\">Van Gogh<\/a><\/h3>\n                        \n                        <div class=\"room_listed_amenities\">\n                               \n                                <i data-toggle=\"tooltip\" data-placement=\"top\" class=\"amenities fa fa-tv\" data-original-title=\"\"><\/i>                             \n                               \n                                <i data-toggle=\"tooltip\" data-placement=\"top\" class=\"amenities hi hi-safebox-1\" data-original-title=\"\"><\/i>                             \n                               \n                                <i data-toggle=\"tooltip\" data-placement=\"top\" class=\"amenities hi hi-cocktail-glass\" data-original-title=\"\"><\/i>                             \n                        <\/div>                       \n                        <p class=\"excerpt\">\"Ich wei\u00df nichts mit Bestimmtheit, aber der Anblick der Sterne macht mich Traum.\u201c Vincent Van Gogh<\/p>                        \n                        <a href=\"https:\/\/poderecarceroni.it\/de\/room\/van-gogh\/\" title=\"Van Gogh\" target=\"_parent\" class=\"btn btn-link \">Read More<\/a>\n                <\/div>\n                <\/div>\n        <\/div>        \n        <\/div>\n        <div class=\"rooms_list_item     white_section\" >\n        <div class=\"flex\">\n                <div class=\"col-sm-6 col-sm-push-6 rooms_list_item_photo\" style=\"background-image: url('https:\/\/poderecarceroni.it\/wp-content\/uploads\/2018\/01\/Mondrian_DSC_4078-1024x683.jpg')\"><\/div>\n                <div class=\"col-sm-6 col-sm-pull-6\">\n                <div class=\"rooms_list_item_content\">\n                        <h3 class=\"textify_links\"><a href=\"https:\/\/poderecarceroni.it\/de\/room\/mondrian\/\" title=\"Mondrian\" target=\"_parent\" class=\"\">Mondrian<\/a><\/h3>\n                        \n                        <div class=\"room_listed_amenities\">\n                               \n                                <i data-toggle=\"tooltip\" data-placement=\"top\" class=\"amenities fa fa-tv\" data-original-title=\"\"><\/i>                             \n                               \n                                <i data-toggle=\"tooltip\" data-placement=\"top\" class=\"amenities hi hi-safebox-1\" data-original-title=\"\"><\/i>                             \n                               \n                                <i data-toggle=\"tooltip\" data-placement=\"top\" class=\"amenities hi hi-cocktail-glass\" data-original-title=\"\"><\/i>                             \n                        <\/div>                       \n                        <p class=\"excerpt\">\"Die Erscheinung der nat\u00fcrlichen Formen \u00e4ndert sich, aber die Realit\u00e4t bleibt.\u201c Piet Mondrian<\/p>                        \n                        <a href=\"https:\/\/poderecarceroni.it\/de\/room\/mondrian\/\" title=\"Mondrian\" target=\"_parent\" class=\"btn btn-link \">Read More<\/a>\n                <\/div>\n                <\/div>\n        <\/div>        \n        <\/div>\n        <div class=\"rooms_list_item     white_section\" >\n        <div class=\"flex\">\n                <div class=\"col-sm-6 col-sm-push-6 rooms_list_item_photo\" style=\"background-image: url('https:\/\/poderecarceroni.it\/wp-content\/uploads\/2018\/01\/Cezanne_DSC_3991-1024x683.jpg')\"><\/div>\n                <div class=\"col-sm-6 col-sm-pull-6\">\n                <div class=\"rooms_list_item_content\">\n                        <h3 class=\"textify_links\"><a href=\"https:\/\/poderecarceroni.it\/de\/room\/cezanne\/\" title=\"Cezanne\" target=\"_parent\" class=\"\">Cezanne<\/a><\/h3>\n                        \n                        <div class=\"room_listed_amenities\">\n                               \n                                <i data-toggle=\"tooltip\" data-placement=\"top\" class=\"amenities fa fa-tv\" data-original-title=\"\"><\/i>                             \n                               \n                                <i data-toggle=\"tooltip\" data-placement=\"top\" class=\"amenities hi hi-safebox-1\" data-original-title=\"\"><\/i>                             \n                               \n                                <i data-toggle=\"tooltip\" data-placement=\"top\" class=\"amenities hi hi-cocktail-glass\" data-original-title=\"\"><\/i>                             \n                        <\/div>                       \n                        <p class=\"excerpt\">\"Die Natur \u2013 ich wollte sie kopieren.\u201c Paul C\u00e9zanne<\/p>                        \n                        <a href=\"https:\/\/poderecarceroni.it\/de\/room\/cezanne\/\" title=\"Cezanne\" target=\"_parent\" class=\"btn btn-link \">Read More<\/a>\n                <\/div>\n                <\/div>\n        <\/div>        \n        <\/div>\n        <div class=\"rooms_list_item     white_section\" >\n        <div class=\"flex\">\n                <div class=\"col-sm-6 col-sm-push-6 rooms_list_item_photo\" style=\"background-image: url('https:\/\/poderecarceroni.it\/wp-content\/uploads\/2018\/01\/Klimt_DSC_3752-1024x683.jpg')\"><\/div>\n                <div class=\"col-sm-6 col-sm-pull-6\">\n                <div class=\"rooms_list_item_content\">\n                        <h3 class=\"textify_links\"><a href=\"https:\/\/poderecarceroni.it\/de\/room\/klimt\/\" title=\"Klimt\" target=\"_parent\" class=\"\">Klimt<\/a><\/h3>\n                        \n                        <div class=\"room_listed_amenities\">\n                               \n                                <i data-toggle=\"tooltip\" data-placement=\"top\" class=\"amenities fa fa-tv\" data-original-title=\"\"><\/i>                             \n                               \n                                <i data-toggle=\"tooltip\" data-placement=\"top\" class=\"amenities hi hi-safebox-1\" data-original-title=\"\"><\/i>                             \n                               \n                                <i data-toggle=\"tooltip\" data-placement=\"top\" class=\"amenities hi hi-cocktail-glass\" data-original-title=\"\"><\/i>                             \n                        <\/div>                       \n                        <p class=\"excerpt\">\"Nach dem Tee geht es zur\u00fcck zur Malerei \u2013 eine gro\u00dfe Pappel in der D\u00e4mmerung mit einem aufziehenden Sturm.\u201c Gustav Klimt<\/p>                        \n                        <a href=\"https:\/\/poderecarceroni.it\/de\/room\/klimt\/\" title=\"Klimt\" target=\"_parent\" class=\"btn btn-link \">Read More<\/a>\n                <\/div>\n                <\/div>\n        <\/div>        \n        <\/div>\n        <div class=\"rooms_list_item     white_section\" >\n        <div class=\"flex\">\n                <div class=\"col-sm-6 col-sm-push-6 rooms_list_item_photo\" style=\"background-image: url('https:\/\/poderecarceroni.it\/wp-content\/uploads\/2018\/01\/Matisse_DSC_3529-1024x683.jpg')\"><\/div>\n                <div class=\"col-sm-6 col-sm-pull-6\">\n                <div class=\"rooms_list_item_content\">\n                        <h3 class=\"textify_links\"><a href=\"https:\/\/poderecarceroni.it\/de\/room\/matisse\/\" title=\"Matisse\" target=\"_parent\" class=\"\">Matisse<\/a><\/h3>\n                        \n                        <div class=\"room_listed_amenities\">\n                               \n                                <i data-toggle=\"tooltip\" data-placement=\"top\" class=\"amenities fa fa-tv\" data-original-title=\"\"><\/i>                             \n                               \n                                <i data-toggle=\"tooltip\" data-placement=\"top\" class=\"amenities hi hi-safebox-1\" data-original-title=\"\"><\/i>                             \n                               \n                                <i data-toggle=\"tooltip\" data-placement=\"top\" class=\"amenities hi hi-cocktail-glass\" data-original-title=\"\"><\/i>                             \n                        <\/div>                       \n                        <p class=\"excerpt\">\"Sch\u00f6pfung, das ist die eigentliche Aufgabe des K\u00fcnstlers \u2013 wo keine Sch\u00f6pfung stattfindet, da gibt es keine Kunst.\u201c Henri Matisse<\/p>                        \n                        <a href=\"https:\/\/poderecarceroni.it\/de\/room\/matisse\/\" title=\"Matisse\" target=\"_parent\" class=\"btn btn-link \">Read More<\/a>\n                <\/div>\n                <\/div>\n        <\/div>        \n        <\/div>\n        <div class=\"rooms_list_item     white_section\" >\n        <div class=\"flex\">\n                <div class=\"col-sm-6 col-sm-push-6 rooms_list_item_photo\" style=\"background-image: url('https:\/\/poderecarceroni.it\/wp-content\/uploads\/2018\/01\/Chagall_DSC_3462-1024x683.jpg')\"><\/div>\n                <div class=\"col-sm-6 col-sm-pull-6\">\n                <div class=\"rooms_list_item_content\">\n                        <h3 class=\"textify_links\"><a href=\"https:\/\/poderecarceroni.it\/de\/room\/chagall\/\" title=\"Chagall\" target=\"_parent\" class=\"\">Chagall<\/a><\/h3>\n                        \n                        <div class=\"room_listed_amenities\">\n                               \n                                <i data-toggle=\"tooltip\" data-placement=\"top\" class=\"amenities fa fa-tv\" data-original-title=\"\"><\/i>                             \n                               \n                                <i data-toggle=\"tooltip\" data-placement=\"top\" class=\"amenities hi hi-safebox-1\" data-original-title=\"\"><\/i>                             \n                               \n                                <i data-toggle=\"tooltip\" data-placement=\"top\" class=\"amenities hi hi-cocktail-glass\" data-original-title=\"\"><\/i>                             \n                        <\/div>                       \n                        <p class=\"excerpt\">\"In unserem Leben gibt es wie auf der Palette eines Malers nur eine einzige Farbe, die dem Leben und der Kunst Sinn verleiht: die Farbe der Liebe.\u201c Marc Chagall<\/p>                        \n                        <a href=\"https:\/\/poderecarceroni.it\/de\/room\/chagall\/\" title=\"Chagall\" target=\"_parent\" class=\"btn btn-link \">Read More<\/a>\n                <\/div>\n                <\/div>\n        <\/div>        \n        <\/div>\n        <div class=\"rooms_list_item     white_section\" >\n        <div class=\"flex\">\n                <div class=\"col-sm-6 col-sm-push-6 rooms_list_item_photo\" style=\"background-image: url('https:\/\/poderecarceroni.it\/wp-content\/uploads\/2018\/01\/Monet_DSC_3682-1024x683.jpg')\"><\/div>\n                <div class=\"col-sm-6 col-sm-pull-6\">\n                <div class=\"rooms_list_item_content\">\n                        <h3 class=\"textify_links\"><a href=\"https:\/\/poderecarceroni.it\/de\/room\/monet\/\" title=\"Monet\" target=\"_parent\" class=\"\">Monet<\/a><\/h3>\n                        \n                        <div class=\"room_listed_amenities\">\n                               \n                                <i data-toggle=\"tooltip\" data-placement=\"top\" class=\"amenities fa fa-tv\" data-original-title=\"\"><\/i>                             \n                               \n                                <i data-toggle=\"tooltip\" data-placement=\"top\" class=\"amenities hi hi-safebox-1\" data-original-title=\"\"><\/i>                             \n                               \n                                <i data-toggle=\"tooltip\" data-placement=\"top\" class=\"amenities hi hi-cocktail-glass\" data-original-title=\"\"><\/i>                             \n                        <\/div>                       \n                        <p class=\"excerpt\">\"Es ist ein stetiger Wandel, denn alles w\u00e4chst und gr\u00fcnt. Durch die Ver\u00e4nderungen folge ich der Natur ohne die M\u00f6glichkeit zu haben, sie zu begreifen, und dann gibt es den Fluss, der schrumpft und quillt, gr\u00fcn einen Tag, gelb am n\u00e4chsten, heute trocken, morgen ein&hellip;<\/p>                        \n                        <a href=\"https:\/\/poderecarceroni.it\/de\/room\/monet\/\" title=\"Monet\" target=\"_parent\" class=\"btn btn-link \">Read More<\/a>\n                <\/div>\n                <\/div>\n        <\/div>        \n        <\/div>\n        <div class=\"rooms_list_item     white_section\" >\n        <div class=\"flex\">\n                <div class=\"col-sm-6 col-sm-push-6 rooms_list_item_photo\" style=\"background-image: url('https:\/\/poderecarceroni.it\/wp-content\/uploads\/2018\/01\/renoir_01.jpg')\"><\/div>\n                <div class=\"col-sm-6 col-sm-pull-6\">\n                <div class=\"rooms_list_item_content\">\n                        <h3 class=\"textify_links\"><a href=\"https:\/\/poderecarceroni.it\/de\/room\/renoir\/\" title=\"Renoir\" target=\"_parent\" class=\"\">Renoir<\/a><\/h3>\n                        \n                        <div class=\"room_listed_amenities\">\n                               \n                                <i data-toggle=\"tooltip\" data-placement=\"top\" class=\"amenities fa fa-tv\" data-original-title=\"\"><\/i>                             \n                               \n                                <i data-toggle=\"tooltip\" data-placement=\"top\" class=\"amenities hi hi-safebox-1\" data-original-title=\"\"><\/i>                             \n                               \n                                <i data-toggle=\"tooltip\" data-placement=\"top\" class=\"amenities hi hi-cocktail-glass\" data-original-title=\"\"><\/i>                             \n                        <\/div>                       \n                        <p class=\"excerpt\">\"Eines Tages, als einer von uns keine schwarze Farbe mehr hatte, verwendete er blau. Der Impressionismus war geboren.\u201c Pierre-Auguste Renoir<\/p>                        \n                        <a href=\"https:\/\/poderecarceroni.it\/de\/room\/renoir\/\" title=\"Renoir\" target=\"_parent\" class=\"btn btn-link \">Read More<\/a>\n                <\/div>\n                <\/div>\n        <\/div>        \n        <\/div>\n        <div class=\"rooms_list_item     white_section\" >\n        <div class=\"flex\">\n                <div class=\"col-sm-6 col-sm-push-6 rooms_list_item_photo\" style=\"background-image: url('https:\/\/poderecarceroni.it\/wp-content\/uploads\/2018\/01\/Warhol_DSC_4106-1024x683.jpg')\"><\/div>\n                <div class=\"col-sm-6 col-sm-pull-6\">\n                <div class=\"rooms_list_item_content\">\n                        <h3 class=\"textify_links\"><a href=\"https:\/\/poderecarceroni.it\/de\/room\/warhol\/\" title=\"Warhol\" target=\"_parent\" class=\"\">Warhol<\/a><\/h3>\n                        \n                        <div class=\"room_listed_amenities\">\n                               \n                                <i data-toggle=\"tooltip\" data-placement=\"top\" class=\"amenities fa fa-tv\" data-original-title=\"\"><\/i>                             \n                               \n                                <i data-toggle=\"tooltip\" data-placement=\"top\" class=\"amenities hi hi-safebox-1\" data-original-title=\"\"><\/i>                             \n                               \n                                <i data-toggle=\"tooltip\" data-placement=\"top\" class=\"amenities hi hi-cocktail-glass\" data-original-title=\"\"><\/i>                             \n                        <\/div>                       \n                        <p class=\"excerpt\">\"Ist das Leben nicht eine Serie von Bildern, die sich ver\u00e4ndern w\u00e4hrend sie sich wiederholen?\u201c Andy Warhol<\/p>                        \n                        <a href=\"https:\/\/poderecarceroni.it\/de\/room\/warhol\/\" title=\"Warhol\" target=\"_parent\" class=\"btn btn-link \">Read More<\/a>\n                <\/div>\n                <\/div>\n        <\/div>        \n        <\/div>\n<\/div><\/div>[\/vc_column][\/vc_row]<\/p>\n","protected":false},"excerpt":{"rendered":"<p>[vc_row][vc_column][\/vc_column][\/vc_row]<\/p>\n","protected":false},"author":1,"featured_media":1476,"parent":0,"menu_order":0,"comment_status":"closed","ping_status":"closed","template":"","meta":{"footnotes":""},"yoast_head":"<!-- This site is optimized with the Yoast SEO plugin v22.4 - https:\/\/yoast.com\/wordpress\/plugins\/seo\/ -->\n<title>Rooms | Podere Carceroni<\/title>\n<meta name=\"robots\" content=\"index, follow, max-snippet:-1, max-image-preview:large, max-video-preview:-1\" \/>\n<link rel=\"canonical\" href=\"https:\/\/poderecarceroni.it\/camere\/\" \/>\n<meta property=\"og:locale\" content=\"de_DE\" \/>\n<meta property=\"og:type\" content=\"article\" \/>\n<meta property=\"og:title\" content=\"Rooms | Podere Carceroni\" \/>\n<meta property=\"og:description\" content=\"[vc_row][vc_column][\/vc_column][\/vc_row]\" \/>\n<meta property=\"og:url\" content=\"https:\/\/poderecarceroni.it\/camere\/\" \/>\n<meta property=\"og:site_name\" content=\"Podere Carceroni\" \/>\n<meta property=\"article:publisher\" content=\"https:\/\/www.facebook.com\/Podere-Carceroni-107539995999356\/\" \/>\n<meta property=\"article:modified_time\" content=\"2018-04-09T08:41:29+00:00\" \/>\n<meta property=\"og:image\" content=\"https:\/\/poderecarceroni.it\/wp-content\/uploads\/2018\/01\/podere-carceroni-camere.jpg\" \/>\n\t<meta property=\"og:image:width\" content=\"1920\" \/>\n\t<meta property=\"og:image:height\" content=\"836\" \/>\n\t<meta property=\"og:image:type\" content=\"image\/jpeg\" \/>\n<meta name=\"twitter:card\" content=\"summary_large_image\" \/>\n<script type=\"application\/ld+json\" class=\"yoast-schema-graph\">{\"@context\":\"https:\/\/schema.org\",\"@graph\":[{\"@type\":\"WebPage\",\"@id\":\"https:\/\/poderecarceroni.it\/camere\/\",\"url\":\"https:\/\/poderecarceroni.it\/camere\/\",\"name\":\"Rooms | Podere Carceroni\",\"isPartOf\":{\"@id\":\"https:\/\/poderecarceroni.it\/ru\/#website\"},\"primaryImageOfPage\":{\"@id\":\"https:\/\/poderecarceroni.it\/camere\/#primaryimage\"},\"image\":{\"@id\":\"https:\/\/poderecarceroni.it\/camere\/#primaryimage\"},\"thumbnailUrl\":\"https:\/\/poderecarceroni.it\/wp-content\/uploads\/2018\/01\/podere-carceroni-camere.jpg\",\"datePublished\":\"2018-02-09T15:09:22+00:00\",\"dateModified\":\"2018-04-09T08:41:29+00:00\",\"breadcrumb\":{\"@id\":\"https:\/\/poderecarceroni.it\/camere\/#breadcrumb\"},\"inLanguage\":\"de-DE\",\"potentialAction\":[{\"@type\":\"ReadAction\",\"target\":[\"https:\/\/poderecarceroni.it\/camere\/\"]}]},{\"@type\":\"ImageObject\",\"inLanguage\":\"de-DE\",\"@id\":\"https:\/\/poderecarceroni.it\/camere\/#primaryimage\",\"url\":\"https:\/\/poderecarceroni.it\/wp-content\/uploads\/2018\/01\/podere-carceroni-camere.jpg\",\"contentUrl\":\"https:\/\/poderecarceroni.it\/wp-content\/uploads\/2018\/01\/podere-carceroni-camere.jpg\",\"width\":1920,\"height\":836},{\"@type\":\"BreadcrumbList\",\"@id\":\"https:\/\/poderecarceroni.it\/camere\/#breadcrumb\",\"itemListElement\":[{\"@type\":\"ListItem\",\"position\":1,\"name\":\"Home\",\"item\":\"https:\/\/poderecarceroni.it\/\"},{\"@type\":\"ListItem\",\"position\":2,\"name\":\"Rooms\"}]},{\"@type\":\"WebSite\",\"@id\":\"https:\/\/poderecarceroni.it\/ru\/#website\",\"url\":\"https:\/\/poderecarceroni.it\/ru\/\",\"name\":\"Podere Carceroni\",\"description\":\"\",\"publisher\":{\"@id\":\"https:\/\/poderecarceroni.it\/ru\/#organization\"},\"potentialAction\":[{\"@type\":\"SearchAction\",\"target\":{\"@type\":\"EntryPoint\",\"urlTemplate\":\"https:\/\/poderecarceroni.it\/ru\/?s={search_term_string}\"},\"query-input\":\"required name=search_term_string\"}],\"inLanguage\":\"de-DE\"},{\"@type\":\"Organization\",\"@id\":\"https:\/\/poderecarceroni.it\/ru\/#organization\",\"name\":\"Podere Carceroni\",\"url\":\"https:\/\/poderecarceroni.it\/ru\/\",\"logo\":{\"@type\":\"ImageObject\",\"inLanguage\":\"de-DE\",\"@id\":\"https:\/\/poderecarceroni.it\/ru\/#\/schema\/logo\/image\/\",\"url\":\"https:\/\/www.poderecarceroni.it\/wp-content\/uploads\/2018\/01\/logo-podere.png\",\"contentUrl\":\"https:\/\/www.poderecarceroni.it\/wp-content\/uploads\/2018\/01\/logo-podere.png\",\"width\":361,\"height\":75,\"caption\":\"Podere Carceroni\"},\"image\":{\"@id\":\"https:\/\/poderecarceroni.it\/ru\/#\/schema\/logo\/image\/\"},\"sameAs\":[\"https:\/\/www.facebook.com\/Podere-Carceroni-107539995999356\/\",\"https:\/\/www.instagram.com\/podere_carceroni\/\"]}]}<\/script>\n<!-- \/ Yoast SEO plugin. -->","yoast_head_json":{"title":"Rooms | Podere Carceroni","robots":{"index":"index","follow":"follow","max-snippet":"max-snippet:-1","max-image-preview":"max-image-preview:large","max-video-preview":"max-video-preview:-1"},"canonical":"https:\/\/poderecarceroni.it\/camere\/","og_locale":"de_DE","og_type":"article","og_title":"Rooms | Podere Carceroni","og_description":"[vc_row][vc_column][\/vc_column][\/vc_row]","og_url":"https:\/\/poderecarceroni.it\/camere\/","og_site_name":"Podere Carceroni","article_publisher":"https:\/\/www.facebook.com\/Podere-Carceroni-107539995999356\/","article_modified_time":"2018-04-09T08:41:29+00:00","og_image":[{"width":1920,"height":836,"url":"https:\/\/poderecarceroni.it\/wp-content\/uploads\/2018\/01\/podere-carceroni-camere.jpg","type":"image\/jpeg"}],"twitter_card":"summary_large_image","schema":{"@context":"https:\/\/schema.org","@graph":[{"@type":"WebPage","@id":"https:\/\/poderecarceroni.it\/camere\/","url":"https:\/\/poderecarceroni.it\/camere\/","name":"Rooms | Podere Carceroni","isPartOf":{"@id":"https:\/\/poderecarceroni.it\/ru\/#website"},"primaryImageOfPage":{"@id":"https:\/\/poderecarceroni.it\/camere\/#primaryimage"},"image":{"@id":"https:\/\/poderecarceroni.it\/camere\/#primaryimage"},"thumbnailUrl":"https:\/\/poderecarceroni.it\/wp-content\/uploads\/2018\/01\/podere-carceroni-camere.jpg","datePublished":"2018-02-09T15:09:22+00:00","dateModified":"2018-04-09T08:41:29+00:00","breadcrumb":{"@id":"https:\/\/poderecarceroni.it\/camere\/#breadcrumb"},"inLanguage":"de-DE","potentialAction":[{"@type":"ReadAction","target":["https:\/\/poderecarceroni.it\/camere\/"]}]},{"@type":"ImageObject","inLanguage":"de-DE","@id":"https:\/\/poderecarceroni.it\/camere\/#primaryimage","url":"https:\/\/poderecarceroni.it\/wp-content\/uploads\/2018\/01\/podere-carceroni-camere.jpg","contentUrl":"https:\/\/poderecarceroni.it\/wp-content\/uploads\/2018\/01\/podere-carceroni-camere.jpg","width":1920,"height":836},{"@type":"BreadcrumbList","@id":"https:\/\/poderecarceroni.it\/camere\/#breadcrumb","itemListElement":[{"@type":"ListItem","position":1,"name":"Home","item":"https:\/\/poderecarceroni.it\/"},{"@type":"ListItem","position":2,"name":"Rooms"}]},{"@type":"WebSite","@id":"https:\/\/poderecarceroni.it\/ru\/#website","url":"https:\/\/poderecarceroni.it\/ru\/","name":"Podere Carceroni","description":"","publisher":{"@id":"https:\/\/poderecarceroni.it\/ru\/#organization"},"potentialAction":[{"@type":"SearchAction","target":{"@type":"EntryPoint","urlTemplate":"https:\/\/poderecarceroni.it\/ru\/?s={search_term_string}"},"query-input":"required name=search_term_string"}],"inLanguage":"de-DE"},{"@type":"Organization","@id":"https:\/\/poderecarceroni.it\/ru\/#organization","name":"Podere Carceroni","url":"https:\/\/poderecarceroni.it\/ru\/","logo":{"@type":"ImageObject","inLanguage":"de-DE","@id":"https:\/\/poderecarceroni.it\/ru\/#\/schema\/logo\/image\/","url":"https:\/\/www.poderecarceroni.it\/wp-content\/uploads\/2018\/01\/logo-podere.png","contentUrl":"https:\/\/www.poderecarceroni.it\/wp-content\/uploads\/2018\/01\/logo-podere.png","width":361,"height":75,"caption":"Podere Carceroni"},"image":{"@id":"https:\/\/poderecarceroni.it\/ru\/#\/schema\/logo\/image\/"},"sameAs":["https:\/\/www.facebook.com\/Podere-Carceroni-107539995999356\/","https:\/\/www.instagram.com\/podere_carceroni\/"]}]}},"_links":{"self":[{"href":"https:\/\/poderecarceroni.it\/de\/wp-json\/wp\/v2\/pages\/1391"}],"collection":[{"href":"https:\/\/poderecarceroni.it\/de\/wp-json\/wp\/v2\/pages"}],"about":[{"href":"https:\/\/poderecarceroni.it\/de\/wp-json\/wp\/v2\/types\/page"}],"author":[{"embeddable":true,"href":"https:\/\/poderecarceroni.it\/de\/wp-json\/wp\/v2\/users\/1"}],"replies":[{"embeddable":true,"href":"https:\/\/poderecarceroni.it\/de\/wp-json\/wp\/v2\/comments?post=1391"}],"version-history":[{"count":2,"href":"https:\/\/poderecarceroni.it\/de\/wp-json\/wp\/v2\/pages\/1391\/revisions"}],"predecessor-version":[{"id":1878,"href":"https:\/\/poderecarceroni.it\/de\/wp-json\/wp\/v2\/pages\/1391\/revisions\/1878"}],"wp:featuredmedia":[{"embeddable":true,"href":"https:\/\/poderecarceroni.it\/de\/wp-json\/wp\/v2\/media\/1476"}],"wp:attachment":[{"href":"https:\/\/poderecarceroni.it\/de\/wp-json\/wp\/v2\/media?parent=1391"}],"curies":[{"name":"wp","href":"https:\/\/api.w.org\/{rel}","templated":true}]}}